
{"id":84,"date":"2015-02-27T12:20:21","date_gmt":"2015-02-27T11:20:21","guid":{"rendered":"https:\/\/casadetolos.com\/?page_id=84"},"modified":"2015-04-08T12:57:44","modified_gmt":"2015-04-08T11:57:44","slug":"inicio-2","status":"publish","type":"page","link":"https:\/\/casadetolos.com\/gl\/","title":{"rendered":"Inicio"},"content":{"rendered":"","protected":false},"excerpt":{"rendered":"","protected":false},"author":150,"featured_media":0,"parent":0,"menu_order":0,"comment_status":"open","ping_status":"open","template":"page_main_slider.php","meta":{"footnotes":""},"class_list":["post-84","page","type-page","status-publish","hentry"],"yoast_head":"<!-- This site is optimized with the Yoast SEO plugin v27.1.1 - https:\/\/yoast.com\/product\/yoast-seo-wordpress\/ -->\n<title>Inicio - Casa de Tolos<\/title>\n<meta name=\"description\" content=\"P\u00e1xina web do estudio de gravaci\u00f3n Casa de Tolos. Especialistas en gravaci\u00f3n de audio e v\u00eddeo tanto en estudio como en directo en festivais e concertos.\" \/>\n<meta name=\"robots\" content=\"index, follow, max-snippet:-1, max-image-preview:large, max-video-preview:-1\" \/>\n<link rel=\"canonical\" href=\"https:\/\/casadetolos.com\/gl\/\" \/>\n<meta property=\"og:locale\" content=\"gl_ES\" \/>\n<meta property=\"og:type\" content=\"article\" \/>\n<meta property=\"og:title\" content=\"Inicio - Casa de Tolos\" \/>\n<meta property=\"og:description\" content=\"P\u00e1xina web do estudio de gravaci\u00f3n Casa de Tolos. Especialistas en gravaci\u00f3n de audio e v\u00eddeo tanto en estudio como en directo en festivais e concertos.\" \/>\n<meta property=\"og:url\" content=\"https:\/\/casadetolos.com\/gl\/\" \/>\n<meta property=\"og:site_name\" content=\"Casa de Tolos\" \/>\n<meta property=\"article:modified_time\" content=\"2015-04-08T11:57:44+00:00\" \/>\n<meta property=\"og:image\" content=\"https:\/\/casadetolos.com\/wp-content\/uploads\/2015\/03\/16762966288_7e29979ea6_k.jpg\" \/>\n\t<meta property=\"og:image:width\" content=\"2048\" \/>\n\t<meta property=\"og:image:height\" content=\"1387\" \/>\n\t<meta property=\"og:image:type\" content=\"image\/jpeg\" \/>\n<script type=\"application\/ld+json\" class=\"yoast-schema-graph\">{\"@context\":\"https:\/\/schema.org\",\"@graph\":[{\"@type\":\"WebPage\",\"@id\":\"https:\/\/casadetolos.com\/gl\/\",\"url\":\"https:\/\/casadetolos.com\/gl\/\",\"name\":\"Inicio - Casa de Tolos\",\"isPartOf\":{\"@id\":\"https:\/\/casadetolos.com\/#website\"},\"datePublished\":\"2015-02-27T11:20:21+00:00\",\"dateModified\":\"2015-04-08T11:57:44+00:00\",\"description\":\"P\u00e1xina web do estudio de gravaci\u00f3n Casa de Tolos. Especialistas en gravaci\u00f3n de audio e v\u00eddeo tanto en estudio como en directo en festivais e concertos.\",\"breadcrumb\":{\"@id\":\"https:\/\/casadetolos.com\/gl\/#breadcrumb\"},\"inLanguage\":\"gl-ES\",\"potentialAction\":[{\"@type\":\"ReadAction\",\"target\":[\"https:\/\/casadetolos.com\/gl\/\"]}]},{\"@type\":\"BreadcrumbList\",\"@id\":\"https:\/\/casadetolos.com\/gl\/#breadcrumb\",\"itemListElement\":[{\"@type\":\"ListItem\",\"position\":1,\"name\":\"Portada\",\"item\":\"https:\/\/casadetolos.com\/gl\/\"},{\"@type\":\"ListItem\",\"position\":2,\"name\":\"Inicio\"}]},{\"@type\":\"WebSite\",\"@id\":\"https:\/\/casadetolos.com\/#website\",\"url\":\"https:\/\/casadetolos.com\/\",\"name\":\"Casa de Tolos\",\"description\":\"Estudio de grabaci\u00f3n de audio y v\u00eddeo\",\"publisher\":{\"@id\":\"https:\/\/casadetolos.com\/#organization\"},\"potentialAction\":[{\"@type\":\"SearchAction\",\"target\":{\"@type\":\"EntryPoint\",\"urlTemplate\":\"https:\/\/casadetolos.com\/?s={search_term_string}\"},\"query-input\":{\"@type\":\"PropertyValueSpecification\",\"valueRequired\":true,\"valueName\":\"search_term_string\"}}],\"inLanguage\":\"gl-ES\"},{\"@type\":\"Organization\",\"@id\":\"https:\/\/casadetolos.com\/#organization\",\"name\":\"Casa de Tolos\",\"url\":\"https:\/\/casadetolos.com\/\",\"logo\":{\"@type\":\"ImageObject\",\"inLanguage\":\"gl-ES\",\"@id\":\"https:\/\/casadetolos.com\/#\/schema\/logo\/image\/\",\"url\":\"https:\/\/casadetolos.com\/wp-content\/uploads\/2015\/02\/logo_cdt_75.png\",\"contentUrl\":\"https:\/\/casadetolos.com\/wp-content\/uploads\/2015\/02\/logo_cdt_75.png\",\"width\":123,\"height\":75,\"caption\":\"Casa de Tolos\"},\"image\":{\"@id\":\"https:\/\/casadetolos.com\/#\/schema\/logo\/image\/\"}}]}<\/script>\n<!-- \/ Yoast SEO plugin. -->","yoast_head_json":{"title":"Inicio - Casa de Tolos","description":"P\u00e1xina web do estudio de gravaci\u00f3n Casa de Tolos. Especialistas en gravaci\u00f3n de audio e v\u00eddeo tanto en estudio como en directo en festivais e concertos.","robots":{"index":"index","follow":"follow","max-snippet":"max-snippet:-1","max-image-preview":"max-image-preview:large","max-video-preview":"max-video-preview:-1"},"canonical":"https:\/\/casadetolos.com\/gl\/","og_locale":"gl_ES","og_type":"article","og_title":"Inicio - Casa de Tolos","og_description":"P\u00e1xina web do estudio de gravaci\u00f3n Casa de Tolos. Especialistas en gravaci\u00f3n de audio e v\u00eddeo tanto en estudio como en directo en festivais e concertos.","og_url":"https:\/\/casadetolos.com\/gl\/","og_site_name":"Casa de Tolos","article_modified_time":"2015-04-08T11:57:44+00:00","og_image":[{"width":2048,"height":1387,"url":"https:\/\/casadetolos.com\/wp-content\/uploads\/2015\/03\/16762966288_7e29979ea6_k.jpg","type":"image\/jpeg"}],"schema":{"@context":"https:\/\/schema.org","@graph":[{"@type":"WebPage","@id":"https:\/\/casadetolos.com\/gl\/","url":"https:\/\/casadetolos.com\/gl\/","name":"Inicio - Casa de Tolos","isPartOf":{"@id":"https:\/\/casadetolos.com\/#website"},"datePublished":"2015-02-27T11:20:21+00:00","dateModified":"2015-04-08T11:57:44+00:00","description":"P\u00e1xina web do estudio de gravaci\u00f3n Casa de Tolos. Especialistas en gravaci\u00f3n de audio e v\u00eddeo tanto en estudio como en directo en festivais e concertos.","breadcrumb":{"@id":"https:\/\/casadetolos.com\/gl\/#breadcrumb"},"inLanguage":"gl-ES","potentialAction":[{"@type":"ReadAction","target":["https:\/\/casadetolos.com\/gl\/"]}]},{"@type":"BreadcrumbList","@id":"https:\/\/casadetolos.com\/gl\/#breadcrumb","itemListElement":[{"@type":"ListItem","position":1,"name":"Portada","item":"https:\/\/casadetolos.com\/gl\/"},{"@type":"ListItem","position":2,"name":"Inicio"}]},{"@type":"WebSite","@id":"https:\/\/casadetolos.com\/#website","url":"https:\/\/casadetolos.com\/","name":"Casa de Tolos","description":"Estudio de grabaci\u00f3n de audio y v\u00eddeo","publisher":{"@id":"https:\/\/casadetolos.com\/#organization"},"potentialAction":[{"@type":"SearchAction","target":{"@type":"EntryPoint","urlTemplate":"https:\/\/casadetolos.com\/?s={search_term_string}"},"query-input":{"@type":"PropertyValueSpecification","valueRequired":true,"valueName":"search_term_string"}}],"inLanguage":"gl-ES"},{"@type":"Organization","@id":"https:\/\/casadetolos.com\/#organization","name":"Casa de Tolos","url":"https:\/\/casadetolos.com\/","logo":{"@type":"ImageObject","inLanguage":"gl-ES","@id":"https:\/\/casadetolos.com\/#\/schema\/logo\/image\/","url":"https:\/\/casadetolos.com\/wp-content\/uploads\/2015\/02\/logo_cdt_75.png","contentUrl":"https:\/\/casadetolos.com\/wp-content\/uploads\/2015\/02\/logo_cdt_75.png","width":123,"height":75,"caption":"Casa de Tolos"},"image":{"@id":"https:\/\/casadetolos.com\/#\/schema\/logo\/image\/"}}]}},"_links":{"self":[{"href":"https:\/\/casadetolos.com\/gl\/wp-json\/wp\/v2\/pages\/84","targetHints":{"allow":["GET"]}}],"collection":[{"href":"https:\/\/casadetolos.com\/gl\/wp-json\/wp\/v2\/pages"}],"about":[{"href":"https:\/\/casadetolos.com\/gl\/wp-json\/wp\/v2\/types\/page"}],"author":[{"embeddable":true,"href":"https:\/\/casadetolos.com\/gl\/wp-json\/wp\/v2\/users\/150"}],"replies":[{"embeddable":true,"href":"https:\/\/casadetolos.com\/gl\/wp-json\/wp\/v2\/comments?post=84"}],"version-history":[{"count":0,"href":"https:\/\/casadetolos.com\/gl\/wp-json\/wp\/v2\/pages\/84\/revisions"}],"wp:attachment":[{"href":"https:\/\/casadetolos.com\/gl\/wp-json\/wp\/v2\/media?parent=84"}],"curies":[{"name":"wp","href":"https:\/\/api.w.org\/{rel}","templated":true}]}}