
{"id":68,"date":"2015-02-26T22:14:30","date_gmt":"2015-02-26T22:14:30","guid":{"rendered":"https:\/\/casadetolos.com\/?page_id=68"},"modified":"2020-04-15T13:32:34","modified_gmt":"2020-04-15T12:32:34","slug":"quienes-somos","status":"publish","type":"page","link":"https:\/\/casadetolos.com\/gl\/quienes-somos\/","title":{"rendered":"Quen somos"},"content":{"rendered":"<p><img loading=\"lazy\" decoding=\"async\" class=\"aligncenter wp-image-45 size-full\" src=\"https:\/\/casadetolos.com\/wp-content\/uploads\/2015\/02\/Control_PAN.jpg\" alt=\"Control_PAN\" width=\"640\" height=\"295\" \/><br \/>\nCasa de Tolos \u00e9 unha compa\u00f1\u00eda do sector audiovisual especializada en produci\u00f3n musical. O estudio de gravaci\u00f3n foi fundado en 1999. Conta polo tanto con grande experiencia profesional no campo musical, con m\u00e1is de 500 traballos musicais gravados e mesturados nos seus estudos en Gondomar (Pontevedra) por onde pasaron m\u00fasicos e produtores de reco\u00f1ecido prestixio nacional e internacional.<\/p>\n<p>Conta tam\u00e9n con ampla experiencia na realizaci\u00f3n de numerosos contidos para distintas televisi\u00f3ns e canles de video on demmand en plataformas de TV cable e online.<\/p>\n<p>EQUIPO HUMANO<\/p>\n<p>O equipo humano de Casa de Tolos abarca dende t\u00e9cnicos de son e v\u00eddeo, operadores de c\u00e1mara, fot\u00f3grafos e persoal con experiencia no campo da publicidade, dese\u00f1o e comunicaci\u00f3n.<\/p>\n","protected":false},"excerpt":{"rendered":"<p>Casa de Tolos \u00e9 unha compa\u00f1\u00eda do sector audiovisual especializada en produci\u00f3n musical. O estudio de gravaci\u00f3n foi fundado en<\/p>\n","protected":false},"author":150,"featured_media":45,"parent":0,"menu_order":0,"comment_status":"open","ping_status":"open","template":"","meta":{"footnotes":""},"class_list":["post-68","page","type-page","status-publish","has-post-thumbnail","hentry"],"yoast_head":"<!-- This site is optimized with the Yoast SEO plugin v27.1.1 - https:\/\/yoast.com\/product\/yoast-seo-wordpress\/ -->\n<title>Quen somos - Casa de Tolos<\/title>\n<meta name=\"description\" content=\"Casa de Tolos \u00e9 un estudio de grabaci\u00f3n\u00a0fundado en 1999. Conta\u00a0por tanto cunha gran\u00a0experiencia profesional no\u00a0campo audiovisual, con mais\u00a0de 500 traballos\u00a0musicais\u00a0gravados\u00a0e mesturados\u00a0nos seus estudios en Gondomar\" \/>\n<meta name=\"robots\" content=\"index, follow, max-snippet:-1, max-image-preview:large, max-video-preview:-1\" \/>\n<link rel=\"canonical\" href=\"https:\/\/casadetolos.com\/gl\/quienes-somos\/\" \/>\n<meta property=\"og:locale\" content=\"gl_ES\" \/>\n<meta property=\"og:type\" content=\"article\" \/>\n<meta property=\"og:title\" content=\"Quen somos - Casa de Tolos\" \/>\n<meta property=\"og:description\" content=\"Casa de Tolos \u00e9 un estudio de grabaci\u00f3n\u00a0fundado en 1999. Conta\u00a0por tanto cunha gran\u00a0experiencia profesional no\u00a0campo audiovisual, con mais\u00a0de 500 traballos\u00a0musicais\u00a0gravados\u00a0e mesturados\u00a0nos seus estudios en Gondomar\" \/>\n<meta property=\"og:url\" content=\"https:\/\/casadetolos.com\/gl\/quienes-somos\/\" \/>\n<meta property=\"og:site_name\" content=\"Casa de Tolos\" \/>\n<meta property=\"article:modified_time\" content=\"2020-04-15T12:32:34+00:00\" \/>\n<meta property=\"og:image\" content=\"https:\/\/casadetolos.com\/wp-content\/uploads\/2015\/02\/Control_PAN.jpg\" \/>\n\t<meta property=\"og:image:width\" content=\"640\" \/>\n\t<meta property=\"og:image:height\" content=\"295\" \/>\n\t<meta property=\"og:image:type\" content=\"image\/jpeg\" \/>\n<meta name=\"twitter:label1\" content=\"Est. reading time\" \/>\n\t<meta name=\"twitter:data1\" content=\"1 minute\" \/>\n<script type=\"application\/ld+json\" class=\"yoast-schema-graph\">{\"@context\":\"https:\/\/schema.org\",\"@graph\":[{\"@type\":\"WebPage\",\"@id\":\"https:\/\/casadetolos.com\/gl\/quienes-somos\/\",\"url\":\"https:\/\/casadetolos.com\/gl\/quienes-somos\/\",\"name\":\"Quen somos - Casa de Tolos\",\"isPartOf\":{\"@id\":\"https:\/\/casadetolos.com\/#website\"},\"primaryImageOfPage\":{\"@id\":\"https:\/\/casadetolos.com\/gl\/quienes-somos\/#primaryimage\"},\"image\":{\"@id\":\"https:\/\/casadetolos.com\/gl\/quienes-somos\/#primaryimage\"},\"thumbnailUrl\":\"https:\/\/casadetolos.com\/wp-content\/uploads\/2015\/02\/Control_PAN.jpg\",\"datePublished\":\"2015-02-26T22:14:30+00:00\",\"dateModified\":\"2020-04-15T12:32:34+00:00\",\"description\":\"Casa de Tolos \u00e9 un estudio de grabaci\u00f3n\u00a0fundado en 1999. Conta\u00a0por tanto cunha gran\u00a0experiencia profesional no\u00a0campo audiovisual, con mais\u00a0de 500 traballos\u00a0musicais\u00a0gravados\u00a0e mesturados\u00a0nos seus estudios en Gondomar\",\"breadcrumb\":{\"@id\":\"https:\/\/casadetolos.com\/gl\/quienes-somos\/#breadcrumb\"},\"inLanguage\":\"gl-ES\",\"potentialAction\":[{\"@type\":\"ReadAction\",\"target\":[\"https:\/\/casadetolos.com\/gl\/quienes-somos\/\"]}]},{\"@type\":\"ImageObject\",\"inLanguage\":\"gl-ES\",\"@id\":\"https:\/\/casadetolos.com\/gl\/quienes-somos\/#primaryimage\",\"url\":\"https:\/\/casadetolos.com\/wp-content\/uploads\/2015\/02\/Control_PAN.jpg\",\"contentUrl\":\"https:\/\/casadetolos.com\/wp-content\/uploads\/2015\/02\/Control_PAN.jpg\",\"width\":640,\"height\":295},{\"@type\":\"BreadcrumbList\",\"@id\":\"https:\/\/casadetolos.com\/gl\/quienes-somos\/#breadcrumb\",\"itemListElement\":[{\"@type\":\"ListItem\",\"position\":1,\"name\":\"Portada\",\"item\":\"https:\/\/casadetolos.com\/gl\/\"},{\"@type\":\"ListItem\",\"position\":2,\"name\":\"Quen somos\"}]},{\"@type\":\"WebSite\",\"@id\":\"https:\/\/casadetolos.com\/#website\",\"url\":\"https:\/\/casadetolos.com\/\",\"name\":\"Casa de Tolos\",\"description\":\"Estudio de grabaci\u00f3n de audio y v\u00eddeo\",\"publisher\":{\"@id\":\"https:\/\/casadetolos.com\/#organization\"},\"potentialAction\":[{\"@type\":\"SearchAction\",\"target\":{\"@type\":\"EntryPoint\",\"urlTemplate\":\"https:\/\/casadetolos.com\/?s={search_term_string}\"},\"query-input\":{\"@type\":\"PropertyValueSpecification\",\"valueRequired\":true,\"valueName\":\"search_term_string\"}}],\"inLanguage\":\"gl-ES\"},{\"@type\":\"Organization\",\"@id\":\"https:\/\/casadetolos.com\/#organization\",\"name\":\"Casa de Tolos\",\"url\":\"https:\/\/casadetolos.com\/\",\"logo\":{\"@type\":\"ImageObject\",\"inLanguage\":\"gl-ES\",\"@id\":\"https:\/\/casadetolos.com\/#\/schema\/logo\/image\/\",\"url\":\"https:\/\/casadetolos.com\/wp-content\/uploads\/2015\/02\/logo_cdt_75.png\",\"contentUrl\":\"https:\/\/casadetolos.com\/wp-content\/uploads\/2015\/02\/logo_cdt_75.png\",\"width\":123,\"height\":75,\"caption\":\"Casa de Tolos\"},\"image\":{\"@id\":\"https:\/\/casadetolos.com\/#\/schema\/logo\/image\/\"}}]}<\/script>\n<!-- \/ Yoast SEO plugin. -->","yoast_head_json":{"title":"Quen somos - Casa de Tolos","description":"Casa de Tolos \u00e9 un estudio de grabaci\u00f3n\u00a0fundado en 1999. Conta\u00a0por tanto cunha gran\u00a0experiencia profesional no\u00a0campo audiovisual, con mais\u00a0de 500 traballos\u00a0musicais\u00a0gravados\u00a0e mesturados\u00a0nos seus estudios en Gondomar","robots":{"index":"index","follow":"follow","max-snippet":"max-snippet:-1","max-image-preview":"max-image-preview:large","max-video-preview":"max-video-preview:-1"},"canonical":"https:\/\/casadetolos.com\/gl\/quienes-somos\/","og_locale":"gl_ES","og_type":"article","og_title":"Quen somos - Casa de Tolos","og_description":"Casa de Tolos \u00e9 un estudio de grabaci\u00f3n\u00a0fundado en 1999. Conta\u00a0por tanto cunha gran\u00a0experiencia profesional no\u00a0campo audiovisual, con mais\u00a0de 500 traballos\u00a0musicais\u00a0gravados\u00a0e mesturados\u00a0nos seus estudios en Gondomar","og_url":"https:\/\/casadetolos.com\/gl\/quienes-somos\/","og_site_name":"Casa de Tolos","article_modified_time":"2020-04-15T12:32:34+00:00","og_image":[{"width":640,"height":295,"url":"https:\/\/casadetolos.com\/wp-content\/uploads\/2015\/02\/Control_PAN.jpg","type":"image\/jpeg"}],"twitter_misc":{"Est. reading time":"1 minute"},"schema":{"@context":"https:\/\/schema.org","@graph":[{"@type":"WebPage","@id":"https:\/\/casadetolos.com\/gl\/quienes-somos\/","url":"https:\/\/casadetolos.com\/gl\/quienes-somos\/","name":"Quen somos - Casa de Tolos","isPartOf":{"@id":"https:\/\/casadetolos.com\/#website"},"primaryImageOfPage":{"@id":"https:\/\/casadetolos.com\/gl\/quienes-somos\/#primaryimage"},"image":{"@id":"https:\/\/casadetolos.com\/gl\/quienes-somos\/#primaryimage"},"thumbnailUrl":"https:\/\/casadetolos.com\/wp-content\/uploads\/2015\/02\/Control_PAN.jpg","datePublished":"2015-02-26T22:14:30+00:00","dateModified":"2020-04-15T12:32:34+00:00","description":"Casa de Tolos \u00e9 un estudio de grabaci\u00f3n\u00a0fundado en 1999. Conta\u00a0por tanto cunha gran\u00a0experiencia profesional no\u00a0campo audiovisual, con mais\u00a0de 500 traballos\u00a0musicais\u00a0gravados\u00a0e mesturados\u00a0nos seus estudios en Gondomar","breadcrumb":{"@id":"https:\/\/casadetolos.com\/gl\/quienes-somos\/#breadcrumb"},"inLanguage":"gl-ES","potentialAction":[{"@type":"ReadAction","target":["https:\/\/casadetolos.com\/gl\/quienes-somos\/"]}]},{"@type":"ImageObject","inLanguage":"gl-ES","@id":"https:\/\/casadetolos.com\/gl\/quienes-somos\/#primaryimage","url":"https:\/\/casadetolos.com\/wp-content\/uploads\/2015\/02\/Control_PAN.jpg","contentUrl":"https:\/\/casadetolos.com\/wp-content\/uploads\/2015\/02\/Control_PAN.jpg","width":640,"height":295},{"@type":"BreadcrumbList","@id":"https:\/\/casadetolos.com\/gl\/quienes-somos\/#breadcrumb","itemListElement":[{"@type":"ListItem","position":1,"name":"Portada","item":"https:\/\/casadetolos.com\/gl\/"},{"@type":"ListItem","position":2,"name":"Quen somos"}]},{"@type":"WebSite","@id":"https:\/\/casadetolos.com\/#website","url":"https:\/\/casadetolos.com\/","name":"Casa de Tolos","description":"Estudio de grabaci\u00f3n de audio y v\u00eddeo","publisher":{"@id":"https:\/\/casadetolos.com\/#organization"},"potentialAction":[{"@type":"SearchAction","target":{"@type":"EntryPoint","urlTemplate":"https:\/\/casadetolos.com\/?s={search_term_string}"},"query-input":{"@type":"PropertyValueSpecification","valueRequired":true,"valueName":"search_term_string"}}],"inLanguage":"gl-ES"},{"@type":"Organization","@id":"https:\/\/casadetolos.com\/#organization","name":"Casa de Tolos","url":"https:\/\/casadetolos.com\/","logo":{"@type":"ImageObject","inLanguage":"gl-ES","@id":"https:\/\/casadetolos.com\/#\/schema\/logo\/image\/","url":"https:\/\/casadetolos.com\/wp-content\/uploads\/2015\/02\/logo_cdt_75.png","contentUrl":"https:\/\/casadetolos.com\/wp-content\/uploads\/2015\/02\/logo_cdt_75.png","width":123,"height":75,"caption":"Casa de Tolos"},"image":{"@id":"https:\/\/casadetolos.com\/#\/schema\/logo\/image\/"}}]}},"_links":{"self":[{"href":"https:\/\/casadetolos.com\/gl\/wp-json\/wp\/v2\/pages\/68","targetHints":{"allow":["GET"]}}],"collection":[{"href":"https:\/\/casadetolos.com\/gl\/wp-json\/wp\/v2\/pages"}],"about":[{"href":"https:\/\/casadetolos.com\/gl\/wp-json\/wp\/v2\/types\/page"}],"author":[{"embeddable":true,"href":"https:\/\/casadetolos.com\/gl\/wp-json\/wp\/v2\/users\/150"}],"replies":[{"embeddable":true,"href":"https:\/\/casadetolos.com\/gl\/wp-json\/wp\/v2\/comments?post=68"}],"version-history":[{"count":1,"href":"https:\/\/casadetolos.com\/gl\/wp-json\/wp\/v2\/pages\/68\/revisions"}],"predecessor-version":[{"id":2257,"href":"https:\/\/casadetolos.com\/gl\/wp-json\/wp\/v2\/pages\/68\/revisions\/2257"}],"wp:featuredmedia":[{"embeddable":true,"href":"https:\/\/casadetolos.com\/gl\/wp-json\/wp\/v2\/media\/45"}],"wp:attachment":[{"href":"https:\/\/casadetolos.com\/gl\/wp-json\/wp\/v2\/media?parent=68"}],"curies":[{"name":"wp","href":"https:\/\/api.w.org\/{rel}","templated":true}]}}