
{"id":1989,"date":"2018-07-23T18:27:46","date_gmt":"2018-07-23T17:27:46","guid":{"rendered":"https:\/\/casadetolos.com\/?page_id=1989&#038;lang=gl"},"modified":"2018-07-23T18:28:29","modified_gmt":"2018-07-23T17:28:29","slug":"estudio-movil","status":"publish","type":"page","link":"https:\/\/casadetolos.com\/gl\/estudio-movil\/","title":{"rendered":"Estudio M\u00f3vil"},"content":{"rendered":"<p>Dispo\u00f1emos dun estudio m\u00f3bil para a realizaci\u00f3n, streaming e gravaci\u00f3n de v\u00eddeo e audio multipista.<\/p>\n<p><iframe loading=\"lazy\" src=\"https:\/\/player.vimeo.com\/video\/23535678?app_id=122963\" width=\"900\" height=\"506\" frameborder=\"0\" title=\"La unidad m&oacute;vil de Casa de Tolos\" webkitallowfullscreen mozallowfullscreen allowfullscreen><\/iframe><\/p>\n","protected":false},"excerpt":{"rendered":"<p>Dispo\u00f1emos dun estudio m\u00f3bil para a realizaci\u00f3n, streaming e gravaci\u00f3n de v\u00eddeo e audio multipista.<\/p>\n","protected":false},"author":150,"featured_media":955,"parent":0,"menu_order":0,"comment_status":"closed","ping_status":"closed","template":"","meta":{"footnotes":""},"class_list":["post-1989","page","type-page","status-publish","has-post-thumbnail","hentry"],"yoast_head":"<!-- This site is optimized with the Yoast SEO plugin v27.1.1 - https:\/\/yoast.com\/product\/yoast-seo-wordpress\/ -->\n<title>Estudio M\u00f3vil - Casa de Tolos<\/title>\n<meta name=\"robots\" content=\"index, follow, max-snippet:-1, max-image-preview:large, max-video-preview:-1\" \/>\n<link rel=\"canonical\" href=\"https:\/\/casadetolos.com\/gl\/estudio-movil\/\" \/>\n<meta property=\"og:locale\" content=\"gl_ES\" \/>\n<meta property=\"og:type\" content=\"article\" \/>\n<meta property=\"og:title\" content=\"Estudio M\u00f3vil - Casa de Tolos\" \/>\n<meta property=\"og:description\" content=\"Dispo\u00f1emos dun estudio m\u00f3bil para a realizaci\u00f3n, streaming e gravaci\u00f3n de v\u00eddeo e audio multipista.\" \/>\n<meta property=\"og:url\" content=\"https:\/\/casadetolos.com\/gl\/estudio-movil\/\" \/>\n<meta property=\"og:site_name\" content=\"Casa de Tolos\" \/>\n<meta property=\"article:modified_time\" content=\"2018-07-23T17:28:29+00:00\" \/>\n<meta property=\"og:image\" content=\"https:\/\/casadetolos.com\/wp-content\/uploads\/2015\/03\/16289457003_a444a29029_k.jpg\" \/>\n\t<meta property=\"og:image:width\" content=\"2048\" \/>\n\t<meta property=\"og:image:height\" content=\"1290\" \/>\n\t<meta property=\"og:image:type\" content=\"image\/jpeg\" \/>\n<script type=\"application\/ld+json\" class=\"yoast-schema-graph\">{\"@context\":\"https:\/\/schema.org\",\"@graph\":[{\"@type\":\"WebPage\",\"@id\":\"https:\/\/casadetolos.com\/gl\/estudio-movil\/\",\"url\":\"https:\/\/casadetolos.com\/gl\/estudio-movil\/\",\"name\":\"Estudio M\u00f3vil - Casa de Tolos\",\"isPartOf\":{\"@id\":\"https:\/\/casadetolos.com\/#website\"},\"primaryImageOfPage\":{\"@id\":\"https:\/\/casadetolos.com\/gl\/estudio-movil\/#primaryimage\"},\"image\":{\"@id\":\"https:\/\/casadetolos.com\/gl\/estudio-movil\/#primaryimage\"},\"thumbnailUrl\":\"https:\/\/casadetolos.com\/wp-content\/uploads\/2015\/03\/16289457003_a444a29029_k.jpg\",\"datePublished\":\"2018-07-23T17:27:46+00:00\",\"dateModified\":\"2018-07-23T17:28:29+00:00\",\"breadcrumb\":{\"@id\":\"https:\/\/casadetolos.com\/gl\/estudio-movil\/#breadcrumb\"},\"inLanguage\":\"gl-ES\",\"potentialAction\":[{\"@type\":\"ReadAction\",\"target\":[\"https:\/\/casadetolos.com\/gl\/estudio-movil\/\"]}]},{\"@type\":\"ImageObject\",\"inLanguage\":\"gl-ES\",\"@id\":\"https:\/\/casadetolos.com\/gl\/estudio-movil\/#primaryimage\",\"url\":\"https:\/\/casadetolos.com\/wp-content\/uploads\/2015\/03\/16289457003_a444a29029_k.jpg\",\"contentUrl\":\"https:\/\/casadetolos.com\/wp-content\/uploads\/2015\/03\/16289457003_a444a29029_k.jpg\",\"width\":2048,\"height\":1290},{\"@type\":\"BreadcrumbList\",\"@id\":\"https:\/\/casadetolos.com\/gl\/estudio-movil\/#breadcrumb\",\"itemListElement\":[{\"@type\":\"ListItem\",\"position\":1,\"name\":\"Portada\",\"item\":\"https:\/\/casadetolos.com\/gl\/\"},{\"@type\":\"ListItem\",\"position\":2,\"name\":\"Estudio M\u00f3vil\"}]},{\"@type\":\"WebSite\",\"@id\":\"https:\/\/casadetolos.com\/#website\",\"url\":\"https:\/\/casadetolos.com\/\",\"name\":\"Casa de Tolos\",\"description\":\"Estudio de grabaci\u00f3n de audio y v\u00eddeo\",\"publisher\":{\"@id\":\"https:\/\/casadetolos.com\/#organization\"},\"potentialAction\":[{\"@type\":\"SearchAction\",\"target\":{\"@type\":\"EntryPoint\",\"urlTemplate\":\"https:\/\/casadetolos.com\/?s={search_term_string}\"},\"query-input\":{\"@type\":\"PropertyValueSpecification\",\"valueRequired\":true,\"valueName\":\"search_term_string\"}}],\"inLanguage\":\"gl-ES\"},{\"@type\":\"Organization\",\"@id\":\"https:\/\/casadetolos.com\/#organization\",\"name\":\"Casa de Tolos\",\"url\":\"https:\/\/casadetolos.com\/\",\"logo\":{\"@type\":\"ImageObject\",\"inLanguage\":\"gl-ES\",\"@id\":\"https:\/\/casadetolos.com\/#\/schema\/logo\/image\/\",\"url\":\"https:\/\/casadetolos.com\/wp-content\/uploads\/2015\/02\/logo_cdt_75.png\",\"contentUrl\":\"https:\/\/casadetolos.com\/wp-content\/uploads\/2015\/02\/logo_cdt_75.png\",\"width\":123,\"height\":75,\"caption\":\"Casa de Tolos\"},\"image\":{\"@id\":\"https:\/\/casadetolos.com\/#\/schema\/logo\/image\/\"}}]}<\/script>\n<!-- \/ Yoast SEO plugin. -->","yoast_head_json":{"title":"Estudio M\u00f3vil - Casa de Tolos","robots":{"index":"index","follow":"follow","max-snippet":"max-snippet:-1","max-image-preview":"max-image-preview:large","max-video-preview":"max-video-preview:-1"},"canonical":"https:\/\/casadetolos.com\/gl\/estudio-movil\/","og_locale":"gl_ES","og_type":"article","og_title":"Estudio M\u00f3vil - Casa de Tolos","og_description":"Dispo\u00f1emos dun estudio m\u00f3bil para a realizaci\u00f3n, streaming e gravaci\u00f3n de v\u00eddeo e audio multipista.","og_url":"https:\/\/casadetolos.com\/gl\/estudio-movil\/","og_site_name":"Casa de Tolos","article_modified_time":"2018-07-23T17:28:29+00:00","og_image":[{"width":2048,"height":1290,"url":"https:\/\/casadetolos.com\/wp-content\/uploads\/2015\/03\/16289457003_a444a29029_k.jpg","type":"image\/jpeg"}],"schema":{"@context":"https:\/\/schema.org","@graph":[{"@type":"WebPage","@id":"https:\/\/casadetolos.com\/gl\/estudio-movil\/","url":"https:\/\/casadetolos.com\/gl\/estudio-movil\/","name":"Estudio M\u00f3vil - Casa de Tolos","isPartOf":{"@id":"https:\/\/casadetolos.com\/#website"},"primaryImageOfPage":{"@id":"https:\/\/casadetolos.com\/gl\/estudio-movil\/#primaryimage"},"image":{"@id":"https:\/\/casadetolos.com\/gl\/estudio-movil\/#primaryimage"},"thumbnailUrl":"https:\/\/casadetolos.com\/wp-content\/uploads\/2015\/03\/16289457003_a444a29029_k.jpg","datePublished":"2018-07-23T17:27:46+00:00","dateModified":"2018-07-23T17:28:29+00:00","breadcrumb":{"@id":"https:\/\/casadetolos.com\/gl\/estudio-movil\/#breadcrumb"},"inLanguage":"gl-ES","potentialAction":[{"@type":"ReadAction","target":["https:\/\/casadetolos.com\/gl\/estudio-movil\/"]}]},{"@type":"ImageObject","inLanguage":"gl-ES","@id":"https:\/\/casadetolos.com\/gl\/estudio-movil\/#primaryimage","url":"https:\/\/casadetolos.com\/wp-content\/uploads\/2015\/03\/16289457003_a444a29029_k.jpg","contentUrl":"https:\/\/casadetolos.com\/wp-content\/uploads\/2015\/03\/16289457003_a444a29029_k.jpg","width":2048,"height":1290},{"@type":"BreadcrumbList","@id":"https:\/\/casadetolos.com\/gl\/estudio-movil\/#breadcrumb","itemListElement":[{"@type":"ListItem","position":1,"name":"Portada","item":"https:\/\/casadetolos.com\/gl\/"},{"@type":"ListItem","position":2,"name":"Estudio M\u00f3vil"}]},{"@type":"WebSite","@id":"https:\/\/casadetolos.com\/#website","url":"https:\/\/casadetolos.com\/","name":"Casa de Tolos","description":"Estudio de grabaci\u00f3n de audio y v\u00eddeo","publisher":{"@id":"https:\/\/casadetolos.com\/#organization"},"potentialAction":[{"@type":"SearchAction","target":{"@type":"EntryPoint","urlTemplate":"https:\/\/casadetolos.com\/?s={search_term_string}"},"query-input":{"@type":"PropertyValueSpecification","valueRequired":true,"valueName":"search_term_string"}}],"inLanguage":"gl-ES"},{"@type":"Organization","@id":"https:\/\/casadetolos.com\/#organization","name":"Casa de Tolos","url":"https:\/\/casadetolos.com\/","logo":{"@type":"ImageObject","inLanguage":"gl-ES","@id":"https:\/\/casadetolos.com\/#\/schema\/logo\/image\/","url":"https:\/\/casadetolos.com\/wp-content\/uploads\/2015\/02\/logo_cdt_75.png","contentUrl":"https:\/\/casadetolos.com\/wp-content\/uploads\/2015\/02\/logo_cdt_75.png","width":123,"height":75,"caption":"Casa de Tolos"},"image":{"@id":"https:\/\/casadetolos.com\/#\/schema\/logo\/image\/"}}]}},"_links":{"self":[{"href":"https:\/\/casadetolos.com\/gl\/wp-json\/wp\/v2\/pages\/1989","targetHints":{"allow":["GET"]}}],"collection":[{"href":"https:\/\/casadetolos.com\/gl\/wp-json\/wp\/v2\/pages"}],"about":[{"href":"https:\/\/casadetolos.com\/gl\/wp-json\/wp\/v2\/types\/page"}],"author":[{"embeddable":true,"href":"https:\/\/casadetolos.com\/gl\/wp-json\/wp\/v2\/users\/150"}],"replies":[{"embeddable":true,"href":"https:\/\/casadetolos.com\/gl\/wp-json\/wp\/v2\/comments?post=1989"}],"version-history":[{"count":1,"href":"https:\/\/casadetolos.com\/gl\/wp-json\/wp\/v2\/pages\/1989\/revisions"}],"predecessor-version":[{"id":1990,"href":"https:\/\/casadetolos.com\/gl\/wp-json\/wp\/v2\/pages\/1989\/revisions\/1990"}],"wp:featuredmedia":[{"embeddable":true,"href":"https:\/\/casadetolos.com\/gl\/wp-json\/wp\/v2\/media\/955"}],"wp:attachment":[{"href":"https:\/\/casadetolos.com\/gl\/wp-json\/wp\/v2\/media?parent=1989"}],"curies":[{"name":"wp","href":"https:\/\/api.w.org\/{rel}","templated":true}]}}